{"id":529,"date":"2015-04-20T11:50:56","date_gmt":"2015-04-20T09:50:56","guid":{"rendered":"http:\/\/welfare.cmsmasters.net\/?page_id=529"},"modified":"2022-11-27T20:28:18","modified_gmt":"2022-11-27T19:28:18","slug":"about-us","status":"publish","type":"page","link":"https:\/\/gesmontenegro.me\/me\/about-us\/","title":{"rendered":"About Us"},"content":{"rendered":"<div id=\"cmsmasters_row_nofslyz1hn\" class=\"cmsmasters_row cmsmasters_color_scheme_default cmsmasters_row_top_default cmsmasters_row_bot_default cmsmasters_row_boxed\">\n<div class=\"cmsmasters_row_outer_parent\">\n<div class=\"cmsmasters_row_overlay\"><\/div>\n<div class=\"cmsmasters_row_outer\">\n<div class=\"cmsmasters_row_inner\">\n<div class=\"cmsmasters_row_margin\">\n<div id=\"cmsmasters_column_tsg36hzfki\" class=\"cmsmasters_column one_first\">\n<div class=\"cmsmasters_column_inner\"><div id=\"cmsmasters_heading_rrgejmijg\" class=\"cmsmasters_heading_wrap cmsmasters_heading_align_center\">\n\t<h2 class=\"cmsmasters_heading\">About Us<\/h2>\n<\/div>\n<\/div><\/div>\n<\/div>\n<\/div>\n<\/div>\n<\/div>\n<\/div>\n<div id=\"cmsmasters_row_ho2wm72u7h\" class=\"cmsmasters_row cmsmasters_color_scheme_default cmsmasters_row_top_default cmsmasters_row_bot_default cmsmasters_row_fullwidth\">\n<div class=\"cmsmasters_row_outer_parent\">\n<div class=\"cmsmasters_row_outer\">\n<div class=\"cmsmasters_row_inner cmsmasters_row_fullwidth\">\n<div class=\"cmsmasters_row_margin cmsmasters_row_columns_behavior\">\n<div id=\"cmsmasters_column_fds70fuqos\" class=\"cmsmasters_column one_third\">\n<div class=\"cmsmasters_column_inner\"><div id=\"cmsmasters_heading_0lgp4yrd9u\" class=\"cmsmasters_heading_wrap cmsmasters_heading_align_left\">\n\t<h2 class=\"cmsmasters_heading\">Green Environment Services &#8211; GES<\/h2>\n<\/div><div id=\"cmsmasters_heading_4emuo3src\" class=\"cmsmasters_heading_wrap cmsmasters_heading_align_left\">\n\t<h6 class=\"cmsmasters_heading\">We provide multidisciplinary consulting services in the field of environmental protection and climate change, guided by national and EU regulations, including applicable international standards and the application of international best practices.<\/h6>\n<\/div>\n<\/div><\/div>\n<div id=\"cmsmasters_column_9umckw2emc\" class=\"cmsmasters_column two_third\">\n<div class=\"cmsmasters_column_inner\"><div id=\"cmsmasters_heading_k610h6ljqm\" class=\"cmsmasters_heading_wrap cmsmasters_heading_align_left\">\n\t<h2 class=\"cmsmasters_heading\">What do we offer?<\/h2>\n<\/div><div id=\"cmsmasters_heading_khr8zu8qc\" class=\"cmsmasters_heading_wrap cmsmasters_heading_align_left\">\n\t<h5 class=\"cmsmasters_heading\">Superior environmental and climate change consulting expertise to governmental, international, private, as well as other organization.<\/h5>\n<\/div><div id=\"cmsmasters_heading_19k2qzf0sv\" class=\"cmsmasters_heading_wrap cmsmasters_heading_align_left\">\n\t<h6 class=\"cmsmasters_heading\">The members of the GES team are characterized by over 20 years of work experience and a rich portfolio of successfully completed documents, analyzes, strategies, plans and projects, both in public administration and international companies \/ institutions and the private sector. What sets us apart from others is that the documents produced by the GES team include the possibility of mathematical modeling and visualization of accident situations with the help of advanced mathematical models and software tools with increased number of input parameters and their effective values.<\/h6>\n<\/div><div id=\"cmsmasters_button_cgikenhms\" class=\"button_wrap\"><a href=\"http:\/\/gesmontenegro.me\/me\/mathematical-modeling\/\" class=\"cmsmasters_button\"><span>Find out more<\/span><\/a><\/div>\n<\/div><\/div>\n<\/div>\n<\/div>\n<\/div>\n<\/div>\n<\/div>\n<div id=\"cmsmasters_row_14mg5lb9m\" class=\"cmsmasters_row cmsmasters_color_scheme_default cmsmasters_row_top_default cmsmasters_row_bot_default cmsmasters_row_fullwidth\">\n<div class=\"cmsmasters_row_outer_parent\">\n<div class=\"cmsmasters_row_outer\">\n<div class=\"cmsmasters_row_inner cmsmasters_row_fullwidth\">\n<div class=\"cmsmasters_row_margin cmsmasters_row_columns_behavior\">\n<div id=\"cmsmasters_column_clo8skded\" class=\"cmsmasters_column one_third\">\n<div class=\"cmsmasters_column_inner\"><\/div><\/div>\n<div id=\"cmsmasters_column_d78dwlia\" class=\"cmsmasters_column two_third\">\n<div class=\"cmsmasters_column_inner\"><div id=\"cmsmasters_heading_buis579h5c\" class=\"cmsmasters_heading_wrap cmsmasters_heading_align_left\">\n\t<h2 class=\"cmsmasters_heading\">Who will you be collaborating with?<\/h2>\n<\/div><div id=\"cmsmasters_heading_wj9hr4qecq\" class=\"cmsmasters_heading_wrap cmsmasters_heading_align_left\">\n\t<h5 class=\"cmsmasters_heading\">Experts in the fields of environmental protection and climate change and green economy, including mathematical modeling.<\/h5>\n<\/div><div id=\"cmsmasters_heading_s826aavppl\" class=\"cmsmasters_heading_wrap cmsmasters_heading_align_left\">\n\t<h6 class=\"cmsmasters_heading\">Our team consists of experts with many years of experience in numerous national and international legal and strategic documents, as well as international projects. Our experts have the necessary qualifications and specific knowledge in the fields of environmental protection and climate change and green economy, including mathematical modeling.<\/h6>\n<\/div>\n<\/div><\/div>\n<\/div>\n<\/div>\n<\/div>\n<\/div>\n<\/div>\n<div id=\"cmsmasters_row_8mlb79dhe\" class=\"cmsmasters_row cmsmasters_color_scheme_first cmsmasters_row_top_default cmsmasters_row_bot_default cmsmasters_row_boxed\">\n<div class=\"cmsmasters_row_outer_parent\">\n<div class=\"cmsmasters_row_overlay\"><\/div>\n<div class=\"cmsmasters_row_outer\">\n<div class=\"cmsmasters_row_inner\">\n<div class=\"cmsmasters_row_margin\">\n<div id=\"cmsmasters_column_zsn05jn5dn\" class=\"cmsmasters_column one_first\">\n<div class=\"cmsmasters_column_inner\"><div id=\"cmsmasters_heading_7yqzepc5u\" class=\"cmsmasters_heading_wrap cmsmasters_heading_align_center\">\n\t<h2 class=\"cmsmasters_heading\">Management<\/h2>\n<\/div>\n<div id=\"cmsmasters_profile_69ea38ad50e71\" class=\"cmsmasters_profile horizontal\">\n<!--_________________________ Start Profile Horizontal Article _________________________ -->\r\n<article id=\"post-15784\" class=\"cmsmasters_profile_horizontal one_first post-15784 profile type-profile status-publish has-post-thumbnail hentry pl-categs-management\">\r\n\t<div class=\"profile_outer\">\r\n\t<div class=\"cmsmasters_img_social_wrap\"><div class=\"cmsmasters_img_social_inner\"><figure class=\"cmsmasters_img_wrap\"><a href=\"https:\/\/gesmontenegro.me\/me\/profile\/marina-miskovic-spahic\/\" title=\"Marina Mi\u0161kovi\u0107-Spahi\u0107\" class=\"cmsmasters_img_link\"><img decoding=\"async\" loading=\"lazy\" width=\"300\" height=\"300\" src=\"https:\/\/gesmontenegro.me\/wp-content\/uploads\/2022\/02\/Marina-300x300.jpg\" class=\"wp-post-image\" alt=\"Marina Mi\u0161kovi\u0107-Spahi\u0107\" title=\"Marina\" srcset=\"https:\/\/gesmontenegro.me\/wp-content\/uploads\/2022\/02\/Marina-300x300.jpg 300w, https:\/\/gesmontenegro.me\/wp-content\/uploads\/2022\/02\/Marina-150x150.jpg 150w, https:\/\/gesmontenegro.me\/wp-content\/uploads\/2022\/02\/Marina-768x768.jpg 768w, https:\/\/gesmontenegro.me\/wp-content\/uploads\/2022\/02\/Marina-12x12.jpg 12w, https:\/\/gesmontenegro.me\/wp-content\/uploads\/2022\/02\/Marina-75x75.jpg 75w, https:\/\/gesmontenegro.me\/wp-content\/uploads\/2022\/02\/Marina-580x580.jpg 580w, https:\/\/gesmontenegro.me\/wp-content\/uploads\/2022\/02\/Marina.jpg 800w\" sizes=\"auto, (max-width: 300px) 100vw, 300px\" \/><\/a><\/figure><div class=\"profile_social_icons\"><ul class=\"profile_social_icons_list\"><li><a href=\"https:\/\/www.linkedin.com\/in\/marina-miskovic-spahic-b7aa321bb\/\" class=\"cmsmasters_social_icon cmsmasters_social_icon_n4a0gbvtpi_1 cmsmasters-icon-custom-linkedin-rect\" title=\"\"><\/a><\/li><\/ul><\/div><\/div><\/div><div class=\"profile_inner\"><header class=\"cmsmasters_profile_header entry-header\"><h2 class=\"cmsmasters_profile_title entry-title\"><a href=\"https:\/\/gesmontenegro.me\/me\/profile\/marina-miskovic-spahic\/\">Marina Mi\u0161kovi\u0107-Spahi\u0107<\/a><\/h2><h6 class=\"cmsmasters_profile_subtitle\">Founder&amp;CEO - Environment&amp; Climate Change Expert<\/h6><\/header><div class=\"cmsmasters_profile_content entry-content\">\n<p>Environment, Climate Change, EU Negotiation, Legal Harmonization, Government Affaires<\/p>\n<\/div>\n<div class=\"profile_social_icons\"><ul class=\"profile_social_icons_list\"><li><a href=\"https:\/\/www.linkedin.com\/in\/marina-miskovic-spahic-b7aa321bb\/\" class=\"cmsmasters_social_icon cmsmasters_social_icon_n4a0gbvtpi_1 cmsmasters-icon-custom-linkedin-rect\" title=\"\"><\/a><\/li><\/ul><\/div><\/div>\t<\/div>\r\n<\/article>\r\n<!--_________________________ Finish Profile Horizontal Article _________________________ -->\r\n\r\n<\/div>\n<\/div><\/div>\n<\/div>\n<\/div>\n<\/div>\n<\/div>\n<\/div>\n<div id=\"cmsmasters_row_9og9c005jw\" class=\"cmsmasters_row cmsmasters_color_scheme_default cmsmasters_row_top_default cmsmasters_row_bot_default cmsmasters_row_boxed\">\n<div class=\"cmsmasters_row_outer_parent\">\n<div class=\"cmsmasters_row_outer\">\n<div class=\"cmsmasters_row_inner\">\n<div class=\"cmsmasters_row_margin\">\n<div id=\"cmsmasters_column_6l2l06gnlr\" class=\"cmsmasters_column one_first\">\n<div class=\"cmsmasters_column_inner\"><div id=\"cmsmasters_heading_va3e3quiak\" class=\"cmsmasters_heading_wrap cmsmasters_heading_align_center\">\n\t<h2 class=\"cmsmasters_heading\">Feel free to contact us at: +382 67 500 777<br \/>\nmarina.spahic@gesmontenegro.me <\/h2>\n<\/div>\n<\/div><\/div>\n<\/div>\n<\/div>\n<\/div>\n<\/div>\n<\/div>","protected":false},"excerpt":{"rendered":"","protected":false},"author":1,"featured_media":0,"parent":0,"menu_order":0,"comment_status":"closed","ping_status":"closed","template":"","meta":{"nf_dc_page":"","footnotes":""},"class_list":["post-529","page","type-page","status-publish","hentry"],"yoast_head":"<!-- This site is optimized with the Yoast SEO plugin v26.9 - https:\/\/yoast.com\/product\/yoast-seo-wordpress\/ -->\n<title>About Us - GES Montenegro<\/title>\n<meta name=\"description\" content=\"Experts in the fields of environmental protection and climate change and green economy, including mathematical modeling.\" \/>\n<meta name=\"robots\" content=\"index, follow, max-snippet:-1, max-image-preview:large, max-video-preview:-1\" \/>\n<link rel=\"canonical\" href=\"https:\/\/gesmontenegro.me\/me\/about-us\/\" \/>\n<meta property=\"og:locale\" content=\"en_US\" \/>\n<meta property=\"og:type\" content=\"article\" \/>\n<meta property=\"og:title\" content=\"About Us - GES Montenegro\" \/>\n<meta property=\"og:description\" content=\"Experts in the fields of environmental protection and climate change and green economy, including mathematical modeling.\" \/>\n<meta property=\"og:url\" content=\"https:\/\/gesmontenegro.me\/me\/about-us\/\" \/>\n<meta property=\"og:site_name\" content=\"GES Montenegro\" \/>\n<meta property=\"article:modified_time\" content=\"2022-11-27T19:28:18+00:00\" \/>\n<meta name=\"twitter:card\" content=\"summary_large_image\" \/>\n<meta name=\"twitter:label1\" content=\"Est. reading time\" \/>\n\t<meta name=\"twitter:data1\" content=\"3 minutes\" \/>\n<script type=\"application\/ld+json\" class=\"yoast-schema-graph\">{\"@context\":\"https:\/\/schema.org\",\"@graph\":[{\"@type\":\"WebPage\",\"@id\":\"https:\/\/gesmontenegro.me\/about-us\/\",\"url\":\"https:\/\/gesmontenegro.me\/about-us\/\",\"name\":\"About Us - GES Montenegro\",\"isPartOf\":{\"@id\":\"https:\/\/gesmontenegro.me\/#website\"},\"datePublished\":\"2015-04-20T09:50:56+00:00\",\"dateModified\":\"2022-11-27T19:28:18+00:00\",\"description\":\"Experts in the fields of environmental protection and climate change and green economy, including mathematical modeling.\",\"breadcrumb\":{\"@id\":\"https:\/\/gesmontenegro.me\/about-us\/#breadcrumb\"},\"inLanguage\":\"cnr\",\"potentialAction\":[{\"@type\":\"ReadAction\",\"target\":[\"https:\/\/gesmontenegro.me\/about-us\/\"]}]},{\"@type\":\"BreadcrumbList\",\"@id\":\"https:\/\/gesmontenegro.me\/about-us\/#breadcrumb\",\"itemListElement\":[{\"@type\":\"ListItem\",\"position\":1,\"name\":\"Home\",\"item\":\"https:\/\/gesmontenegro.me\/\"},{\"@type\":\"ListItem\",\"position\":2,\"name\":\"About Us\"}]},{\"@type\":\"WebSite\",\"@id\":\"https:\/\/gesmontenegro.me\/#website\",\"url\":\"https:\/\/gesmontenegro.me\/\",\"name\":\"GES Montenegro\",\"description\":\"Green Environment Services - GES provides multidisciplinary consulting services in the field of environmental protection, climate change and mathematical modeling.\",\"potentialAction\":[{\"@type\":\"SearchAction\",\"target\":{\"@type\":\"EntryPoint\",\"urlTemplate\":\"https:\/\/gesmontenegro.me\/?s={search_term_string}\"},\"query-input\":{\"@type\":\"PropertyValueSpecification\",\"valueRequired\":true,\"valueName\":\"search_term_string\"}}],\"inLanguage\":\"cnr\"}]}<\/script>\n<!-- \/ Yoast SEO plugin. -->","yoast_head_json":{"title":"About Us - GES Montenegro","description":"Experts in the fields of environmental protection and climate change and green economy, including mathematical modeling.","robots":{"index":"index","follow":"follow","max-snippet":"max-snippet:-1","max-image-preview":"max-image-preview:large","max-video-preview":"max-video-preview:-1"},"canonical":"https:\/\/gesmontenegro.me\/me\/about-us\/","og_locale":"en_US","og_type":"article","og_title":"About Us - GES Montenegro","og_description":"Experts in the fields of environmental protection and climate change and green economy, including mathematical modeling.","og_url":"https:\/\/gesmontenegro.me\/me\/about-us\/","og_site_name":"GES Montenegro","article_modified_time":"2022-11-27T19:28:18+00:00","twitter_card":"summary_large_image","twitter_misc":{"Est. reading time":"3 minutes"},"schema":{"@context":"https:\/\/schema.org","@graph":[{"@type":"WebPage","@id":"https:\/\/gesmontenegro.me\/about-us\/","url":"https:\/\/gesmontenegro.me\/about-us\/","name":"About Us - GES Montenegro","isPartOf":{"@id":"https:\/\/gesmontenegro.me\/#website"},"datePublished":"2015-04-20T09:50:56+00:00","dateModified":"2022-11-27T19:28:18+00:00","description":"Experts in the fields of environmental protection and climate change and green economy, including mathematical modeling.","breadcrumb":{"@id":"https:\/\/gesmontenegro.me\/about-us\/#breadcrumb"},"inLanguage":"cnr","potentialAction":[{"@type":"ReadAction","target":["https:\/\/gesmontenegro.me\/about-us\/"]}]},{"@type":"BreadcrumbList","@id":"https:\/\/gesmontenegro.me\/about-us\/#breadcrumb","itemListElement":[{"@type":"ListItem","position":1,"name":"Home","item":"https:\/\/gesmontenegro.me\/"},{"@type":"ListItem","position":2,"name":"About Us"}]},{"@type":"WebSite","@id":"https:\/\/gesmontenegro.me\/#website","url":"https:\/\/gesmontenegro.me\/","name":"GES Montenegro","description":"Green Environment Services - GES provides multidisciplinary consulting services in the field of environmental protection, climate change and mathematical modeling.","potentialAction":[{"@type":"SearchAction","target":{"@type":"EntryPoint","urlTemplate":"https:\/\/gesmontenegro.me\/?s={search_term_string}"},"query-input":{"@type":"PropertyValueSpecification","valueRequired":true,"valueName":"search_term_string"}}],"inLanguage":"cnr"}]}},"_links":{"self":[{"href":"https:\/\/gesmontenegro.me\/me\/wp-json\/wp\/v2\/pages\/529","targetHints":{"allow":["GET"]}}],"collection":[{"href":"https:\/\/gesmontenegro.me\/me\/wp-json\/wp\/v2\/pages"}],"about":[{"href":"https:\/\/gesmontenegro.me\/me\/wp-json\/wp\/v2\/types\/page"}],"author":[{"embeddable":true,"href":"https:\/\/gesmontenegro.me\/me\/wp-json\/wp\/v2\/users\/1"}],"replies":[{"embeddable":true,"href":"https:\/\/gesmontenegro.me\/me\/wp-json\/wp\/v2\/comments?post=529"}],"version-history":[{"count":5,"href":"https:\/\/gesmontenegro.me\/me\/wp-json\/wp\/v2\/pages\/529\/revisions"}],"predecessor-version":[{"id":18519,"href":"https:\/\/gesmontenegro.me\/me\/wp-json\/wp\/v2\/pages\/529\/revisions\/18519"}],"wp:attachment":[{"href":"https:\/\/gesmontenegro.me\/me\/wp-json\/wp\/v2\/media?parent=529"}],"curies":[{"name":"wp","href":"https:\/\/api.w.org\/{rel}","templated":true}]}}